{"id":482,"date":"2026-03-02T10:59:13","date_gmt":"2026-03-02T10:59:13","guid":{"rendered":"https:\/\/efanet.org\/annual-report\/?page_id=482"},"modified":"2026-03-04T10:25:25","modified_gmt":"2026-03-04T10:25:25","slug":"efa-board","status":"publish","type":"page","link":"https:\/\/efanet.org\/annual-report\/2023\/organisation\/efa-board\/","title":{"rendered":"EFA Board"},"content":{"rendered":"\n<p>The EFA Board is the EFA body <strong>truly empowering the organisation to advocate change for all people with allergy and airways diseases.<\/strong> Board members are nominated and elected by the EFA members community in a democratic and transparent process. In 2023, EFA the community elected board members <strong>covering all our disease areas<\/strong>.<\/p>\n\n\n\n<p>End of April 2023, EFA President Carla Jones (Allergy UK) had served the maximum time of six years in EFA Board. Her legacy is to have instituted a multiannual planning approach for EFA and started an organisational development process to strengthen EFA\u2019s capacity and effectiveness to support and make the European allergy, atopic eczema, asthma, and COPD patient organisations community thrive. Thank you, Carla, your presidency took us through the hard time transitioning and transforming from COVID-19 digital advocacy back to the new reality of online, offline and hybrid connection. She steered the Board firmly, with a smile and sense of humour and always listening and drawing clear decisions. Working as a CEO of Allergy UK, she was also a great mentor to the EFA Director.<\/p>\n\n\n\n<p>Marcia Podest\u00e0 (Food Allergy Italia), was re-elected from Vice-President to new EFA President. In 2023, Marcia directed with the new board a re-treat on improving EFA, to mirror EFA office development process into effective EFA, who builds advocacy with the community.<\/p>\n\n\n\n<figure class=\"wp-block-table\"><table class=\"has-fixed-layout\"><tbody><tr><td><strong>Exiting EFA Board 2022-2023<\/strong><\/td><td><strong>Elected EFA Board 2023-2024<\/strong><\/td><\/tr><tr><td>Carla Jones (Allergy UK), President<\/td><td>Marcia Podest\u00e0 (Food Allergy Italia), President<\/td><\/tr><tr><td>Marcia Podest\u00e0 (Food Allergy Italia), Vice President<\/td><td>Armando Ruiz (Spanish Federation of Allergy and Respiratory Patients Associations, FENAER), Vice President<\/td><\/tr><tr><td>Fr\u00ed\u00f0a R\u00fan \u00de\u00f3r\u00f0ard\u00f3ttir (Asthma and Allery Association Iceland), Board Secretary<\/td><td>Fr\u00ed\u00f0a R\u00fan \u00de\u00f3r\u00f0ard\u00f3ttir (Asthma and Allery Association Iceland), Board Secretary<\/td><\/tr><tr><td>Yvonne Spies (Dutch Lung Foundation), Treasurer<\/td><td>Celine Demoulin C\u00e9line Demoulin (French Allergy Prevention Association, AFPRAL), Treasurer<\/td><\/tr><tr><td>Armando Ruiz (Spanish Federation of Allergy and Respiratory Patients Associations, FENAER), Board Member<\/td><td>Christine Strous (Dutch Lung Foundation), Board Member<\/td><\/tr><\/tbody><\/table><\/figure>\n\n\n\n<div class=\"wp-block-custom-people-list people-list\"><div class=\"person\"><img decoding=\"async\" src=\"https:\/\/efanet.org\/annual-report\/wp-content\/uploads\/2025\/04\/0.1-EFA-President-Marcia-Podesta.jpg\" alt=\"Marcia Podest\u00e0\" class=\"person-photo\"\/><div class=\"person-name\">Marcia Podest\u00e0<\/div><div class=\"person-job\">President<\/div><div class=\"person-company\"><\/div><\/div><div class=\"person\"><img decoding=\"async\" src=\"https:\/\/efanet.org\/annual-report\/wp-content\/uploads\/2025\/04\/23_VicePresident_ArmandoRuiz_33A5349.jpg\" alt=\"Armando Ruiz\" class=\"person-photo\"\/><div class=\"person-name\">Armando Ruiz<\/div><div class=\"person-job\">Vice-President<\/div><div class=\"person-company\"><\/div><\/div><div class=\"person\"><img decoding=\"async\" src=\"https:\/\/efanet.org\/annual-report\/wp-content\/uploads\/2025\/04\/Frida-Secretary.jpg\" alt=\"Fr\u00ed\u00f0a R\u00fan \u00de\u00f3r\u00f0ard\u00f3ttir\" class=\"person-photo\"\/><div class=\"person-name\">Fr\u00ed\u00f0a R\u00fan \u00de\u00f3r\u00f0ard\u00f3ttir<\/div><div class=\"person-job\">Secretary<\/div><div class=\"person-company\"><\/div><\/div><div class=\"person\"><img decoding=\"async\" src=\"https:\/\/efanet.org\/annual-report\/wp-content\/uploads\/2025\/04\/2023-04-08_BoardMember_ChristineStrous.jpg\" alt=\"Christine Strous\" class=\"person-photo\"\/><div class=\"person-name\">Christine Strous<\/div><div class=\"person-job\">Board Member<\/div><div class=\"person-company\"><\/div><\/div><div class=\"person\"><img decoding=\"async\" src=\"https:\/\/efanet.org\/annual-report\/wp-content\/uploads\/2025\/04\/Celine_Demoulin_EFA_Website_photo_2.jpg\" alt=\"Celine Demoulin\" class=\"person-photo\"\/><div class=\"person-name\">Celine Demoulin<\/div><div class=\"person-job\">EFA Treasurer<\/div><div class=\"person-company\"><\/div><\/div><\/div>\n\n\n\n<div style=\"height:40px\" aria-hidden=\"true\" class=\"wp-block-spacer\"><\/div>\n\n\n\n<p>The 2023 incoming Board has skills in <strong>law, marketing, organisational management, partnerships, mobilization, volunteering, and experience in heterogeneous national patients\u2019 associations<\/strong>, all assets to EFA community. All of them know what it is to be a <strong>patient<\/strong> or a <strong>carer<\/strong> in our diseases.&nbsp;&nbsp;<\/p>\n\n\n\n<p>In 2023, the new Board agreed <strong>new insurance policies for EFA<\/strong>, an association where people representing EFA will operate with safe and secure conditions, including civil responsibility and personal liabilities, foreseen by the new European regulations.<\/p>\n\n\n\n<p>The new Board put focus on <strong>EFA community<\/strong>, improving our work, supporting members participation in joint actions through grants, which benefited 16 members in 2023. The Board also emphasized the need to translate new EFA project tools to enable <strong>national advocacy and patient education<\/strong> which, among others, led to 15 translations in 2023. The Board is aware, and committed, in serving the interest of East, and wider Europe in our action.<\/p>\n\n\n\n<p>In 2023, EFA Board held six meetings (one in person) to steer and approve our <strong>governance, strategy, planning, finances, mandates and for critical feedback and decisions<\/strong>. The Board leads (President and Vice-president) held weekly meetings with the Director to steer ongoing issues requiring high-level input. The <strong>Board <\/strong>decided on<strong> special board leads <\/strong>among them based on their<strong> expertise in EFA\u2019s objectives on care, prevention and inform, <\/strong>and geographical area they know best.<\/p>\n\n\n<div class=\"wp-block-image\">\n<figure class=\"aligncenter size-full\"><img loading=\"lazy\" decoding=\"async\" width=\"909\" height=\"606\" src=\"https:\/\/efanet.org\/annual-report\/wp-content\/uploads\/2026\/03\/Board-group-picture-2023-2025-without-Frida.jpg\" alt=\"\" class=\"wp-image-1034\" srcset=\"https:\/\/efanet.org\/annual-report\/wp-content\/uploads\/2026\/03\/Board-group-picture-2023-2025-without-Frida.jpg 909w, https:\/\/efanet.org\/annual-report\/wp-content\/uploads\/2026\/03\/Board-group-picture-2023-2025-without-Frida-300x200.jpg 300w, https:\/\/efanet.org\/annual-report\/wp-content\/uploads\/2026\/03\/Board-group-picture-2023-2025-without-Frida-768x512.jpg 768w\" sizes=\"auto, (max-width: 909px) 100vw, 909px\" \/><\/figure>\n<\/div>","protected":false},"excerpt":{"rendered":"<p>The EFA Board is the EFA body truly empowering the organisation to advocate change for all people with allergy and airways diseases. Board members are nominated and elected by the EFA members community in a democratic and transparent process. In 2023, EFA the community elected board members covering all our disease areas. End of April [&hellip;]<\/p>\n","protected":false},"author":1,"featured_media":0,"parent":446,"menu_order":0,"comment_status":"closed","ping_status":"closed","template":"page_2023.php","meta":{"_acf_changed":false,"inline_featured_image":false,"advgb_blocks_editor_width":"","advgb_blocks_columns_visual_guide":"","footnotes":""},"class_list":["post-482","page","type-page","status-publish","hentry"],"acf":[],"yoast_head":"<!-- This site is optimized with the Yoast SEO plugin v27.3 - https:\/\/yoast.com\/product\/yoast-seo-wordpress\/ -->\n<title>EFA Board - EFA - Annual Report<\/title>\n<meta name=\"robots\" content=\"index, follow, max-snippet:-1, max-image-preview:large, max-video-preview:-1\" \/>\n<link rel=\"canonical\" href=\"https:\/\/efanet.org\/annual-report\/2023\/organisation\/efa-board\/\" \/>\n<meta property=\"og:locale\" content=\"en_GB\" \/>\n<meta property=\"og:type\" content=\"article\" \/>\n<meta property=\"og:title\" content=\"EFA Board - EFA - Annual Report\" \/>\n<meta property=\"og:description\" content=\"The EFA Board is the EFA body truly empowering the organisation to advocate change for all people with allergy and airways diseases. Board members are nominated and elected by the EFA members community in a democratic and transparent process. In 2023, EFA the community elected board members covering all our disease areas. End of April [&hellip;]\" \/>\n<meta property=\"og:url\" content=\"https:\/\/efanet.org\/annual-report\/2023\/organisation\/efa-board\/\" \/>\n<meta property=\"og:site_name\" content=\"EFA - Annual Report\" \/>\n<meta property=\"article:publisher\" content=\"https:\/\/www.facebook.com\/EFAPatients\" \/>\n<meta property=\"article:modified_time\" content=\"2026-03-04T10:25:25+00:00\" \/>\n<meta property=\"og:image\" content=\"https:\/\/efanet.org\/annual-report\/wp-content\/uploads\/2025\/04\/0.1-EFA-President-Marcia-Podesta.jpg\" \/>\n<meta name=\"twitter:card\" content=\"summary_large_image\" \/>\n<meta name=\"twitter:site\" content=\"@EFA_Patients\" \/>\n<meta name=\"twitter:label1\" content=\"Estimated reading time\" \/>\n\t<meta name=\"twitter:data1\" content=\"4 minutes\" \/>\n<script type=\"application\/ld+json\" class=\"yoast-schema-graph\">{\"@context\":\"https:\\\/\\\/schema.org\",\"@graph\":[{\"@type\":\"WebPage\",\"@id\":\"https:\\\/\\\/efanet.org\\\/annual-report\\\/2023\\\/organisation\\\/efa-board\\\/\",\"url\":\"https:\\\/\\\/efanet.org\\\/annual-report\\\/2023\\\/organisation\\\/efa-board\\\/\",\"name\":\"EFA Board - EFA - Annual Report\",\"isPartOf\":{\"@id\":\"https:\\\/\\\/efanet.org\\\/annual-report\\\/#website\"},\"primaryImageOfPage\":{\"@id\":\"https:\\\/\\\/efanet.org\\\/annual-report\\\/2023\\\/organisation\\\/efa-board\\\/#primaryimage\"},\"image\":{\"@id\":\"https:\\\/\\\/efanet.org\\\/annual-report\\\/2023\\\/organisation\\\/efa-board\\\/#primaryimage\"},\"thumbnailUrl\":\"https:\\\/\\\/efanet.org\\\/annual-report\\\/wp-content\\\/uploads\\\/2025\\\/04\\\/0.1-EFA-President-Marcia-Podesta.jpg\",\"datePublished\":\"2026-03-02T10:59:13+00:00\",\"dateModified\":\"2026-03-04T10:25:25+00:00\",\"breadcrumb\":{\"@id\":\"https:\\\/\\\/efanet.org\\\/annual-report\\\/2023\\\/organisation\\\/efa-board\\\/#breadcrumb\"},\"inLanguage\":\"en-GB\",\"potentialAction\":[{\"@type\":\"ReadAction\",\"target\":[\"https:\\\/\\\/efanet.org\\\/annual-report\\\/2023\\\/organisation\\\/efa-board\\\/\"]}]},{\"@type\":\"ImageObject\",\"inLanguage\":\"en-GB\",\"@id\":\"https:\\\/\\\/efanet.org\\\/annual-report\\\/2023\\\/organisation\\\/efa-board\\\/#primaryimage\",\"url\":\"https:\\\/\\\/efanet.org\\\/annual-report\\\/wp-content\\\/uploads\\\/2025\\\/04\\\/0.1-EFA-President-Marcia-Podesta.jpg\",\"contentUrl\":\"https:\\\/\\\/efanet.org\\\/annual-report\\\/wp-content\\\/uploads\\\/2025\\\/04\\\/0.1-EFA-President-Marcia-Podesta.jpg\",\"width\":300,\"height\":300},{\"@type\":\"BreadcrumbList\",\"@id\":\"https:\\\/\\\/efanet.org\\\/annual-report\\\/2023\\\/organisation\\\/efa-board\\\/#breadcrumb\",\"itemListElement\":[{\"@type\":\"ListItem\",\"position\":1,\"name\":\"Home\",\"item\":\"https:\\\/\\\/efanet.org\\\/annual-report\\\/\"},{\"@type\":\"ListItem\",\"position\":2,\"name\":\"2023\",\"item\":\"https:\\\/\\\/efanet.org\\\/annual-report\\\/2023-2\\\/\"},{\"@type\":\"ListItem\",\"position\":3,\"name\":\"Organisation\",\"item\":\"https:\\\/\\\/efanet.org\\\/annual-report\\\/2023\\\/organisation\\\/\"},{\"@type\":\"ListItem\",\"position\":4,\"name\":\"EFA Board\"}]},{\"@type\":\"WebSite\",\"@id\":\"https:\\\/\\\/efanet.org\\\/annual-report\\\/#website\",\"url\":\"https:\\\/\\\/efanet.org\\\/annual-report\\\/\",\"name\":\"EFA - Annual Report\",\"description\":\"\",\"publisher\":{\"@id\":\"https:\\\/\\\/efanet.org\\\/annual-report\\\/#organization\"},\"potentialAction\":[{\"@type\":\"SearchAction\",\"target\":{\"@type\":\"EntryPoint\",\"urlTemplate\":\"https:\\\/\\\/efanet.org\\\/annual-report\\\/?s={search_term_string}\"},\"query-input\":{\"@type\":\"PropertyValueSpecification\",\"valueRequired\":true,\"valueName\":\"search_term_string\"}}],\"inLanguage\":\"en-GB\"},{\"@type\":\"Organization\",\"@id\":\"https:\\\/\\\/efanet.org\\\/annual-report\\\/#organization\",\"name\":\"EFA\",\"url\":\"https:\\\/\\\/efanet.org\\\/annual-report\\\/\",\"logo\":{\"@type\":\"ImageObject\",\"inLanguage\":\"en-GB\",\"@id\":\"https:\\\/\\\/efanet.org\\\/annual-report\\\/#\\\/schema\\\/logo\\\/image\\\/\",\"url\":\"http:\\\/\\\/efanet.org\\\/annual-report\\\/wp-content\\\/uploads\\\/2025\\\/05\\\/EFA_logo_OFFICIAL.webp\",\"contentUrl\":\"http:\\\/\\\/efanet.org\\\/annual-report\\\/wp-content\\\/uploads\\\/2025\\\/05\\\/EFA_logo_OFFICIAL.webp\",\"width\":1341,\"height\":742,\"caption\":\"EFA\"},\"image\":{\"@id\":\"https:\\\/\\\/efanet.org\\\/annual-report\\\/#\\\/schema\\\/logo\\\/image\\\/\"},\"sameAs\":[\"https:\\\/\\\/www.facebook.com\\\/EFAPatients\",\"https:\\\/\\\/x.com\\\/EFA_Patients\",\"https:\\\/\\\/www.linkedin.com\\\/company\\\/efanet\\\/\"]}]}<\/script>\n<!-- \/ Yoast SEO plugin. -->","yoast_head_json":{"title":"EFA Board - EFA - Annual Report","robots":{"index":"index","follow":"follow","max-snippet":"max-snippet:-1","max-image-preview":"max-image-preview:large","max-video-preview":"max-video-preview:-1"},"canonical":"https:\/\/efanet.org\/annual-report\/2023\/organisation\/efa-board\/","og_locale":"en_GB","og_type":"article","og_title":"EFA Board - EFA - Annual Report","og_description":"The EFA Board is the EFA body truly empowering the organisation to advocate change for all people with allergy and airways diseases. Board members are nominated and elected by the EFA members community in a democratic and transparent process. In 2023, EFA the community elected board members covering all our disease areas. End of April [&hellip;]","og_url":"https:\/\/efanet.org\/annual-report\/2023\/organisation\/efa-board\/","og_site_name":"EFA - Annual Report","article_publisher":"https:\/\/www.facebook.com\/EFAPatients","article_modified_time":"2026-03-04T10:25:25+00:00","og_image":[{"url":"https:\/\/efanet.org\/annual-report\/wp-content\/uploads\/2025\/04\/0.1-EFA-President-Marcia-Podesta.jpg","type":"","width":"","height":""}],"twitter_card":"summary_large_image","twitter_site":"@EFA_Patients","twitter_misc":{"Estimated reading time":"4 minutes"},"schema":{"@context":"https:\/\/schema.org","@graph":[{"@type":"WebPage","@id":"https:\/\/efanet.org\/annual-report\/2023\/organisation\/efa-board\/","url":"https:\/\/efanet.org\/annual-report\/2023\/organisation\/efa-board\/","name":"EFA Board - EFA - Annual Report","isPartOf":{"@id":"https:\/\/efanet.org\/annual-report\/#website"},"primaryImageOfPage":{"@id":"https:\/\/efanet.org\/annual-report\/2023\/organisation\/efa-board\/#primaryimage"},"image":{"@id":"https:\/\/efanet.org\/annual-report\/2023\/organisation\/efa-board\/#primaryimage"},"thumbnailUrl":"https:\/\/efanet.org\/annual-report\/wp-content\/uploads\/2025\/04\/0.1-EFA-President-Marcia-Podesta.jpg","datePublished":"2026-03-02T10:59:13+00:00","dateModified":"2026-03-04T10:25:25+00:00","breadcrumb":{"@id":"https:\/\/efanet.org\/annual-report\/2023\/organisation\/efa-board\/#breadcrumb"},"inLanguage":"en-GB","potentialAction":[{"@type":"ReadAction","target":["https:\/\/efanet.org\/annual-report\/2023\/organisation\/efa-board\/"]}]},{"@type":"ImageObject","inLanguage":"en-GB","@id":"https:\/\/efanet.org\/annual-report\/2023\/organisation\/efa-board\/#primaryimage","url":"https:\/\/efanet.org\/annual-report\/wp-content\/uploads\/2025\/04\/0.1-EFA-President-Marcia-Podesta.jpg","contentUrl":"https:\/\/efanet.org\/annual-report\/wp-content\/uploads\/2025\/04\/0.1-EFA-President-Marcia-Podesta.jpg","width":300,"height":300},{"@type":"BreadcrumbList","@id":"https:\/\/efanet.org\/annual-report\/2023\/organisation\/efa-board\/#breadcrumb","itemListElement":[{"@type":"ListItem","position":1,"name":"Home","item":"https:\/\/efanet.org\/annual-report\/"},{"@type":"ListItem","position":2,"name":"2023","item":"https:\/\/efanet.org\/annual-report\/2023-2\/"},{"@type":"ListItem","position":3,"name":"Organisation","item":"https:\/\/efanet.org\/annual-report\/2023\/organisation\/"},{"@type":"ListItem","position":4,"name":"EFA Board"}]},{"@type":"WebSite","@id":"https:\/\/efanet.org\/annual-report\/#website","url":"https:\/\/efanet.org\/annual-report\/","name":"EFA - Annual Report","description":"","publisher":{"@id":"https:\/\/efanet.org\/annual-report\/#organization"},"potentialAction":[{"@type":"SearchAction","target":{"@type":"EntryPoint","urlTemplate":"https:\/\/efanet.org\/annual-report\/?s={search_term_string}"},"query-input":{"@type":"PropertyValueSpecification","valueRequired":true,"valueName":"search_term_string"}}],"inLanguage":"en-GB"},{"@type":"Organization","@id":"https:\/\/efanet.org\/annual-report\/#organization","name":"EFA","url":"https:\/\/efanet.org\/annual-report\/","logo":{"@type":"ImageObject","inLanguage":"en-GB","@id":"https:\/\/efanet.org\/annual-report\/#\/schema\/logo\/image\/","url":"http:\/\/efanet.org\/annual-report\/wp-content\/uploads\/2025\/05\/EFA_logo_OFFICIAL.webp","contentUrl":"http:\/\/efanet.org\/annual-report\/wp-content\/uploads\/2025\/05\/EFA_logo_OFFICIAL.webp","width":1341,"height":742,"caption":"EFA"},"image":{"@id":"https:\/\/efanet.org\/annual-report\/#\/schema\/logo\/image\/"},"sameAs":["https:\/\/www.facebook.com\/EFAPatients","https:\/\/x.com\/EFA_Patients","https:\/\/www.linkedin.com\/company\/efanet\/"]}]}},"coauthors":[],"author_meta":{"author_link":"https:\/\/efanet.org\/annual-report\/author\/quentin\/","display_name":"quentin"},"relative_dates":{"created":"Posted 1 month ago","modified":"Updated 1 month ago"},"absolute_dates":{"created":"Posted on 2 March 2026","modified":"Updated on 4 March 2026"},"absolute_dates_time":{"created":"Posted on 2 March 2026 10:59","modified":"Updated on 4 March 2026 10:25"},"featured_img_caption":"","featured_img":false,"series_order":"","_links":{"self":[{"href":"https:\/\/efanet.org\/annual-report\/wp-json\/wp\/v2\/pages\/482","targetHints":{"allow":["GET"]}}],"collection":[{"href":"https:\/\/efanet.org\/annual-report\/wp-json\/wp\/v2\/pages"}],"about":[{"href":"https:\/\/efanet.org\/annual-report\/wp-json\/wp\/v2\/types\/page"}],"author":[{"embeddable":true,"href":"https:\/\/efanet.org\/annual-report\/wp-json\/wp\/v2\/users\/1"}],"replies":[{"embeddable":true,"href":"https:\/\/efanet.org\/annual-report\/wp-json\/wp\/v2\/comments?post=482"}],"version-history":[{"count":3,"href":"https:\/\/efanet.org\/annual-report\/wp-json\/wp\/v2\/pages\/482\/revisions"}],"predecessor-version":[{"id":1036,"href":"https:\/\/efanet.org\/annual-report\/wp-json\/wp\/v2\/pages\/482\/revisions\/1036"}],"up":[{"embeddable":true,"href":"https:\/\/efanet.org\/annual-report\/wp-json\/wp\/v2\/pages\/446"}],"wp:attachment":[{"href":"https:\/\/efanet.org\/annual-report\/wp-json\/wp\/v2\/media?parent=482"}],"curies":[{"name":"wp","href":"https:\/\/api.w.org\/{rel}","templated":true}]}}