{"id":594,"date":"2026-03-02T14:17:40","date_gmt":"2026-03-02T14:17:40","guid":{"rendered":"https:\/\/efanet.org\/annual-report\/?page_id=594"},"modified":"2026-03-03T13:47:22","modified_gmt":"2026-03-03T13:47:22","slug":"membership-and-efa-working-groups","status":"publish","type":"page","link":"https:\/\/efanet.org\/annual-report\/2022\/governance\/membership-and-efa-working-groups\/","title":{"rendered":"Membership and EFA working groups"},"content":{"rendered":"\n<p>In 2022, EFA focused on community building. We ran a Membership Survey to learn about the changes in our network and improve synergies and engagement. The results served to guide discussions on how to improve the logistical aspects of network coordination as well as brainstorm priorities for projects and advocacy.<\/p>\n\n\n\n<p><strong>EFA\u2019s new Members<\/strong><\/p>\n\n\n\n<p>In 2022, EFA welcomed three new members to our vast network of national patient associations. The AGM voted to approve full EFA membership for <strong>COPD Patients&#8217; Society of Turkey (KOAH Hastalari Derne\u01e7i).<\/strong> The organization is a non-governmental organization that has been founded by the carers of COPD patients and volunteers with the aim of providing cooperation among its members, enlighten the public regarding COPD diagnosis and treatment and increase the quality of life of the patients. They help their community by spreading efforts in communicating knowledge and providing needed contributions related to all issues.<\/p>\n\n\n<div class=\"wp-block-image\">\n<figure class=\"aligncenter size-medium\"><img loading=\"lazy\" decoding=\"async\" width=\"300\" height=\"63\" src=\"https:\/\/efanet.org\/annual-report\/wp-content\/uploads\/2026\/03\/LOGO-COPD-Patients-Society-of-Turkey-300x63.png\" alt=\"\" class=\"wp-image-892\" srcset=\"https:\/\/efanet.org\/annual-report\/wp-content\/uploads\/2026\/03\/LOGO-COPD-Patients-Society-of-Turkey-300x63.png 300w, https:\/\/efanet.org\/annual-report\/wp-content\/uploads\/2026\/03\/LOGO-COPD-Patients-Society-of-Turkey-1024x214.png 1024w, https:\/\/efanet.org\/annual-report\/wp-content\/uploads\/2026\/03\/LOGO-COPD-Patients-Society-of-Turkey-768x161.png 768w, https:\/\/efanet.org\/annual-report\/wp-content\/uploads\/2026\/03\/LOGO-COPD-Patients-Society-of-Turkey.png 1089w\" sizes=\"auto, (max-width: 300px) 100vw, 300px\" \/><\/figure>\n<\/div>\n\n\n<p>The AGM also welcomed <strong>Icelandic Lung Association (Samt\u00f6k lungnasj\u00faklinga &#8211; SLS)<\/strong>. The organisation was established in 1992 by lung patients and people interested in the well-being of lung patients and prevention. Their goal is to work on welfare and in the interests of lung patients by promoting education and research on lung disease, strengthen preventive work on any kind and active counselling and dissemination of information for lung patients especially regarding their right.<\/p>\n\n\n<div class=\"wp-block-image\">\n<figure class=\"aligncenter size-full\"><img loading=\"lazy\" decoding=\"async\" width=\"205\" height=\"175\" src=\"https:\/\/efanet.org\/annual-report\/wp-content\/uploads\/2026\/03\/LOGO-Icelandic-Lung-Association.png\" alt=\"\" class=\"wp-image-893\"\/><\/figure>\n<\/div>\n\n\n<p><strong>Slovak Association of Allergic and Asthmatic Patients (Slovensk\u00e1 asoci\u00e1cia alergologick\u00fdch a astmatick\u00fdch pacientov &#8211; SAAAP) <\/strong>was also approved as full membership. The organization is a non-political, voluntary, charitable, humanitarian, independent association of citizens and legal entities operating in the territory of the Slovak Republic. SAAAP aims to actively support citizens and patients suffering from various types and forms of allergy.<\/p>\n\n\n<div class=\"wp-block-image\">\n<figure class=\"aligncenter size-medium\"><img loading=\"lazy\" decoding=\"async\" width=\"300\" height=\"99\" src=\"https:\/\/efanet.org\/annual-report\/wp-content\/uploads\/2026\/03\/LOGO-Slovak-Association-of-Allergic-and-Asthmatic-Patients-SAAAP-300x99.jpg\" alt=\"\" class=\"wp-image-894\" srcset=\"https:\/\/efanet.org\/annual-report\/wp-content\/uploads\/2026\/03\/LOGO-Slovak-Association-of-Allergic-and-Asthmatic-Patients-SAAAP-300x99.jpg 300w, https:\/\/efanet.org\/annual-report\/wp-content\/uploads\/2026\/03\/LOGO-Slovak-Association-of-Allergic-and-Asthmatic-Patients-SAAAP.jpg 755w\" sizes=\"auto, (max-width: 300px) 100vw, 300px\" \/><\/figure>\n<\/div>\n\n\n<p>In addition, two EFA Members Allergy and Me (Serbia) and Dru\u0161tvo AD (Slovenia), transitioned from Trial to Full Members in 2022.<\/p>\n\n\n\n<p>In addition to the three new members, we established promising relationships with several other unaffiliated but potential members from Slovakia, Spain, Portugal, Bosnia and Herzegovina. We also developed a recruitment strategy based on a mapping of the status of patient organisations in the WHO European region.<\/p>\n\n\n\n<p><strong>Members Re-Union<\/strong><\/p>\n\n\n\n<p>In May, EFA held a Member Re-Union in Iceland, gathering 21 EFA associations. It was the first time EFA members met in person after the two years of pandemic. The event featured best practice pitching, working groups, educational sessions on the impact of climate change and the European Health Data Space as well as further brainstorming on how to action the takeaways from the AGM. EFA was honored to collaborate with EFA Board Secretary Fr\u00ed\u00f0a \u00de\u00f3r\u00f0ard\u00f3ttir from Asthma and Allergy Society of Iceland, who welcomed all of us in Reykjav\u00edk and hosting the first face-to-face Members Re-union after the hard years of COVID19. On behalf of all EFA Membership we thank you for your hospitality and unforgettable Icelandic experience<\/p>\n\n\n<div class=\"wp-block-image\">\n<figure class=\"aligncenter size-large\"><img loading=\"lazy\" decoding=\"async\" width=\"1024\" height=\"683\" src=\"https:\/\/efanet.org\/annual-report\/wp-content\/uploads\/2026\/03\/ICELAND-REUNION-1024x683.jpg\" alt=\"\" class=\"wp-image-895\" srcset=\"https:\/\/efanet.org\/annual-report\/wp-content\/uploads\/2026\/03\/ICELAND-REUNION-1024x683.jpg 1024w, https:\/\/efanet.org\/annual-report\/wp-content\/uploads\/2026\/03\/ICELAND-REUNION-300x200.jpg 300w, https:\/\/efanet.org\/annual-report\/wp-content\/uploads\/2026\/03\/ICELAND-REUNION-768x512.jpg 768w, https:\/\/efanet.org\/annual-report\/wp-content\/uploads\/2026\/03\/ICELAND-REUNION-1536x1024.jpg 1536w, https:\/\/efanet.org\/annual-report\/wp-content\/uploads\/2026\/03\/ICELAND-REUNION-2048x1365.jpg 2048w\" sizes=\"auto, (max-width: 1024px) 100vw, 1024px\" \/><\/figure>\n<\/div>\n\n\n<p><strong>EFA working groups<\/strong><\/p>\n\n\n\n<p>EFA working groups played a critical role in maintaining network communication, building advocacy strategies and receiving feedback on EFA project deliverables including reports, policy recommendations, and more.<\/p>\n\n\n\n<p>Throughout the year, EFA organised 11 working group meetings: Allergy and Asthma, COPD, Atopic Eczema, Food Allergy, Prevention and Patient Education Working Groups gathering 78 participants. Among these were workshops on digital health and the EU Healthier Together-NCD Initiative. Overall, the majority of Members were either \u2018Very Satisfied\u2019 or \u2018Satisfied\u2019 with their participation in EFA working groups, stating that they found them \u2018Extremely\u2019 or \u2018Very Useful\u2019 and learned \u2018A lot\u2019 or a \u2018Great Deal\u2019 from both EFA and their fellow members.<\/p>\n","protected":false},"excerpt":{"rendered":"<p>In 2022, EFA focused on community building. We ran a Membership Survey to learn about the changes in our network and improve synergies and engagement. The results served to guide discussions on how to improve the logistical aspects of network coordination as well as brainstorm priorities for projects and advocacy. EFA\u2019s new Members In 2022, [&hellip;]<\/p>\n","protected":false},"author":1,"featured_media":0,"parent":539,"menu_order":0,"comment_status":"closed","ping_status":"closed","template":"page_2022.php","meta":{"_acf_changed":false,"inline_featured_image":false,"advgb_blocks_editor_width":"","advgb_blocks_columns_visual_guide":"","footnotes":""},"class_list":["post-594","page","type-page","status-publish","hentry"],"acf":[],"yoast_head":"<!-- This site is optimized with the Yoast SEO plugin v27.3 - https:\/\/yoast.com\/product\/yoast-seo-wordpress\/ -->\n<title>Membership and EFA working groups - EFA - Annual Report<\/title>\n<meta name=\"robots\" content=\"index, follow, max-snippet:-1, max-image-preview:large, max-video-preview:-1\" \/>\n<link rel=\"canonical\" href=\"https:\/\/efanet.org\/annual-report\/2022\/governance\/membership-and-efa-working-groups\/\" \/>\n<meta property=\"og:locale\" content=\"en_GB\" \/>\n<meta property=\"og:type\" content=\"article\" \/>\n<meta property=\"og:title\" content=\"Membership and EFA working groups - EFA - Annual Report\" \/>\n<meta property=\"og:description\" content=\"In 2022, EFA focused on community building. We ran a Membership Survey to learn about the changes in our network and improve synergies and engagement. The results served to guide discussions on how to improve the logistical aspects of network coordination as well as brainstorm priorities for projects and advocacy. EFA\u2019s new Members In 2022, [&hellip;]\" \/>\n<meta property=\"og:url\" content=\"https:\/\/efanet.org\/annual-report\/2022\/governance\/membership-and-efa-working-groups\/\" \/>\n<meta property=\"og:site_name\" content=\"EFA - Annual Report\" \/>\n<meta property=\"article:publisher\" content=\"https:\/\/www.facebook.com\/EFAPatients\" \/>\n<meta property=\"article:modified_time\" content=\"2026-03-03T13:47:22+00:00\" \/>\n<meta property=\"og:image\" content=\"https:\/\/efanet.org\/annual-report\/wp-content\/uploads\/2026\/03\/LOGO-COPD-Patients-Society-of-Turkey.png\" \/>\n\t<meta property=\"og:image:width\" content=\"1089\" \/>\n\t<meta property=\"og:image:height\" content=\"228\" \/>\n\t<meta property=\"og:image:type\" content=\"image\/png\" \/>\n<meta name=\"twitter:card\" content=\"summary_large_image\" \/>\n<meta name=\"twitter:site\" content=\"@EFA_Patients\" \/>\n<meta name=\"twitter:label1\" content=\"Estimated reading time\" \/>\n\t<meta name=\"twitter:data1\" content=\"4 minutes\" \/>\n<script type=\"application\/ld+json\" class=\"yoast-schema-graph\">{\"@context\":\"https:\\\/\\\/schema.org\",\"@graph\":[{\"@type\":\"WebPage\",\"@id\":\"https:\\\/\\\/efanet.org\\\/annual-report\\\/2022\\\/governance\\\/membership-and-efa-working-groups\\\/\",\"url\":\"https:\\\/\\\/efanet.org\\\/annual-report\\\/2022\\\/governance\\\/membership-and-efa-working-groups\\\/\",\"name\":\"Membership and EFA working groups - EFA - Annual Report\",\"isPartOf\":{\"@id\":\"https:\\\/\\\/efanet.org\\\/annual-report\\\/#website\"},\"primaryImageOfPage\":{\"@id\":\"https:\\\/\\\/efanet.org\\\/annual-report\\\/2022\\\/governance\\\/membership-and-efa-working-groups\\\/#primaryimage\"},\"image\":{\"@id\":\"https:\\\/\\\/efanet.org\\\/annual-report\\\/2022\\\/governance\\\/membership-and-efa-working-groups\\\/#primaryimage\"},\"thumbnailUrl\":\"https:\\\/\\\/efanet.org\\\/annual-report\\\/wp-content\\\/uploads\\\/2026\\\/03\\\/LOGO-COPD-Patients-Society-of-Turkey-300x63.png\",\"datePublished\":\"2026-03-02T14:17:40+00:00\",\"dateModified\":\"2026-03-03T13:47:22+00:00\",\"breadcrumb\":{\"@id\":\"https:\\\/\\\/efanet.org\\\/annual-report\\\/2022\\\/governance\\\/membership-and-efa-working-groups\\\/#breadcrumb\"},\"inLanguage\":\"en-GB\",\"potentialAction\":[{\"@type\":\"ReadAction\",\"target\":[\"https:\\\/\\\/efanet.org\\\/annual-report\\\/2022\\\/governance\\\/membership-and-efa-working-groups\\\/\"]}]},{\"@type\":\"ImageObject\",\"inLanguage\":\"en-GB\",\"@id\":\"https:\\\/\\\/efanet.org\\\/annual-report\\\/2022\\\/governance\\\/membership-and-efa-working-groups\\\/#primaryimage\",\"url\":\"https:\\\/\\\/efanet.org\\\/annual-report\\\/wp-content\\\/uploads\\\/2026\\\/03\\\/LOGO-COPD-Patients-Society-of-Turkey.png\",\"contentUrl\":\"https:\\\/\\\/efanet.org\\\/annual-report\\\/wp-content\\\/uploads\\\/2026\\\/03\\\/LOGO-COPD-Patients-Society-of-Turkey.png\",\"width\":1089,\"height\":228},{\"@type\":\"BreadcrumbList\",\"@id\":\"https:\\\/\\\/efanet.org\\\/annual-report\\\/2022\\\/governance\\\/membership-and-efa-working-groups\\\/#breadcrumb\",\"itemListElement\":[{\"@type\":\"ListItem\",\"position\":1,\"name\":\"Home\",\"item\":\"https:\\\/\\\/efanet.org\\\/annual-report\\\/\"},{\"@type\":\"ListItem\",\"position\":2,\"name\":\"2022\",\"item\":\"https:\\\/\\\/efanet.org\\\/annual-report\\\/2022-2\\\/\"},{\"@type\":\"ListItem\",\"position\":3,\"name\":\"Governance\",\"item\":\"https:\\\/\\\/efanet.org\\\/annual-report\\\/2022\\\/governance\\\/\"},{\"@type\":\"ListItem\",\"position\":4,\"name\":\"Membership and EFA working groups\"}]},{\"@type\":\"WebSite\",\"@id\":\"https:\\\/\\\/efanet.org\\\/annual-report\\\/#website\",\"url\":\"https:\\\/\\\/efanet.org\\\/annual-report\\\/\",\"name\":\"EFA - Annual Report\",\"description\":\"\",\"publisher\":{\"@id\":\"https:\\\/\\\/efanet.org\\\/annual-report\\\/#organization\"},\"potentialAction\":[{\"@type\":\"SearchAction\",\"target\":{\"@type\":\"EntryPoint\",\"urlTemplate\":\"https:\\\/\\\/efanet.org\\\/annual-report\\\/?s={search_term_string}\"},\"query-input\":{\"@type\":\"PropertyValueSpecification\",\"valueRequired\":true,\"valueName\":\"search_term_string\"}}],\"inLanguage\":\"en-GB\"},{\"@type\":\"Organization\",\"@id\":\"https:\\\/\\\/efanet.org\\\/annual-report\\\/#organization\",\"name\":\"EFA\",\"url\":\"https:\\\/\\\/efanet.org\\\/annual-report\\\/\",\"logo\":{\"@type\":\"ImageObject\",\"inLanguage\":\"en-GB\",\"@id\":\"https:\\\/\\\/efanet.org\\\/annual-report\\\/#\\\/schema\\\/logo\\\/image\\\/\",\"url\":\"http:\\\/\\\/efanet.org\\\/annual-report\\\/wp-content\\\/uploads\\\/2025\\\/05\\\/EFA_logo_OFFICIAL.webp\",\"contentUrl\":\"http:\\\/\\\/efanet.org\\\/annual-report\\\/wp-content\\\/uploads\\\/2025\\\/05\\\/EFA_logo_OFFICIAL.webp\",\"width\":1341,\"height\":742,\"caption\":\"EFA\"},\"image\":{\"@id\":\"https:\\\/\\\/efanet.org\\\/annual-report\\\/#\\\/schema\\\/logo\\\/image\\\/\"},\"sameAs\":[\"https:\\\/\\\/www.facebook.com\\\/EFAPatients\",\"https:\\\/\\\/x.com\\\/EFA_Patients\",\"https:\\\/\\\/www.linkedin.com\\\/company\\\/efanet\\\/\"]}]}<\/script>\n<!-- \/ Yoast SEO plugin. -->","yoast_head_json":{"title":"Membership and EFA working groups - EFA - Annual Report","robots":{"index":"index","follow":"follow","max-snippet":"max-snippet:-1","max-image-preview":"max-image-preview:large","max-video-preview":"max-video-preview:-1"},"canonical":"https:\/\/efanet.org\/annual-report\/2022\/governance\/membership-and-efa-working-groups\/","og_locale":"en_GB","og_type":"article","og_title":"Membership and EFA working groups - EFA - Annual Report","og_description":"In 2022, EFA focused on community building. We ran a Membership Survey to learn about the changes in our network and improve synergies and engagement. The results served to guide discussions on how to improve the logistical aspects of network coordination as well as brainstorm priorities for projects and advocacy. EFA\u2019s new Members In 2022, [&hellip;]","og_url":"https:\/\/efanet.org\/annual-report\/2022\/governance\/membership-and-efa-working-groups\/","og_site_name":"EFA - Annual Report","article_publisher":"https:\/\/www.facebook.com\/EFAPatients","article_modified_time":"2026-03-03T13:47:22+00:00","og_image":[{"width":1089,"height":228,"url":"https:\/\/efanet.org\/annual-report\/wp-content\/uploads\/2026\/03\/LOGO-COPD-Patients-Society-of-Turkey.png","type":"image\/png"}],"twitter_card":"summary_large_image","twitter_site":"@EFA_Patients","twitter_misc":{"Estimated reading time":"4 minutes"},"schema":{"@context":"https:\/\/schema.org","@graph":[{"@type":"WebPage","@id":"https:\/\/efanet.org\/annual-report\/2022\/governance\/membership-and-efa-working-groups\/","url":"https:\/\/efanet.org\/annual-report\/2022\/governance\/membership-and-efa-working-groups\/","name":"Membership and EFA working groups - EFA - Annual Report","isPartOf":{"@id":"https:\/\/efanet.org\/annual-report\/#website"},"primaryImageOfPage":{"@id":"https:\/\/efanet.org\/annual-report\/2022\/governance\/membership-and-efa-working-groups\/#primaryimage"},"image":{"@id":"https:\/\/efanet.org\/annual-report\/2022\/governance\/membership-and-efa-working-groups\/#primaryimage"},"thumbnailUrl":"https:\/\/efanet.org\/annual-report\/wp-content\/uploads\/2026\/03\/LOGO-COPD-Patients-Society-of-Turkey-300x63.png","datePublished":"2026-03-02T14:17:40+00:00","dateModified":"2026-03-03T13:47:22+00:00","breadcrumb":{"@id":"https:\/\/efanet.org\/annual-report\/2022\/governance\/membership-and-efa-working-groups\/#breadcrumb"},"inLanguage":"en-GB","potentialAction":[{"@type":"ReadAction","target":["https:\/\/efanet.org\/annual-report\/2022\/governance\/membership-and-efa-working-groups\/"]}]},{"@type":"ImageObject","inLanguage":"en-GB","@id":"https:\/\/efanet.org\/annual-report\/2022\/governance\/membership-and-efa-working-groups\/#primaryimage","url":"https:\/\/efanet.org\/annual-report\/wp-content\/uploads\/2026\/03\/LOGO-COPD-Patients-Society-of-Turkey.png","contentUrl":"https:\/\/efanet.org\/annual-report\/wp-content\/uploads\/2026\/03\/LOGO-COPD-Patients-Society-of-Turkey.png","width":1089,"height":228},{"@type":"BreadcrumbList","@id":"https:\/\/efanet.org\/annual-report\/2022\/governance\/membership-and-efa-working-groups\/#breadcrumb","itemListElement":[{"@type":"ListItem","position":1,"name":"Home","item":"https:\/\/efanet.org\/annual-report\/"},{"@type":"ListItem","position":2,"name":"2022","item":"https:\/\/efanet.org\/annual-report\/2022-2\/"},{"@type":"ListItem","position":3,"name":"Governance","item":"https:\/\/efanet.org\/annual-report\/2022\/governance\/"},{"@type":"ListItem","position":4,"name":"Membership and EFA working groups"}]},{"@type":"WebSite","@id":"https:\/\/efanet.org\/annual-report\/#website","url":"https:\/\/efanet.org\/annual-report\/","name":"EFA - Annual Report","description":"","publisher":{"@id":"https:\/\/efanet.org\/annual-report\/#organization"},"potentialAction":[{"@type":"SearchAction","target":{"@type":"EntryPoint","urlTemplate":"https:\/\/efanet.org\/annual-report\/?s={search_term_string}"},"query-input":{"@type":"PropertyValueSpecification","valueRequired":true,"valueName":"search_term_string"}}],"inLanguage":"en-GB"},{"@type":"Organization","@id":"https:\/\/efanet.org\/annual-report\/#organization","name":"EFA","url":"https:\/\/efanet.org\/annual-report\/","logo":{"@type":"ImageObject","inLanguage":"en-GB","@id":"https:\/\/efanet.org\/annual-report\/#\/schema\/logo\/image\/","url":"http:\/\/efanet.org\/annual-report\/wp-content\/uploads\/2025\/05\/EFA_logo_OFFICIAL.webp","contentUrl":"http:\/\/efanet.org\/annual-report\/wp-content\/uploads\/2025\/05\/EFA_logo_OFFICIAL.webp","width":1341,"height":742,"caption":"EFA"},"image":{"@id":"https:\/\/efanet.org\/annual-report\/#\/schema\/logo\/image\/"},"sameAs":["https:\/\/www.facebook.com\/EFAPatients","https:\/\/x.com\/EFA_Patients","https:\/\/www.linkedin.com\/company\/efanet\/"]}]}},"coauthors":[],"author_meta":{"author_link":"https:\/\/efanet.org\/annual-report\/author\/quentin\/","display_name":"quentin"},"relative_dates":{"created":"Posted 1 month ago","modified":"Updated 1 month ago"},"absolute_dates":{"created":"Posted on 2 March 2026","modified":"Updated on 3 March 2026"},"absolute_dates_time":{"created":"Posted on 2 March 2026 14:17","modified":"Updated on 3 March 2026 13:47"},"featured_img_caption":"","featured_img":false,"series_order":"","_links":{"self":[{"href":"https:\/\/efanet.org\/annual-report\/wp-json\/wp\/v2\/pages\/594","targetHints":{"allow":["GET"]}}],"collection":[{"href":"https:\/\/efanet.org\/annual-report\/wp-json\/wp\/v2\/pages"}],"about":[{"href":"https:\/\/efanet.org\/annual-report\/wp-json\/wp\/v2\/types\/page"}],"author":[{"embeddable":true,"href":"https:\/\/efanet.org\/annual-report\/wp-json\/wp\/v2\/users\/1"}],"replies":[{"embeddable":true,"href":"https:\/\/efanet.org\/annual-report\/wp-json\/wp\/v2\/comments?post=594"}],"version-history":[{"count":3,"href":"https:\/\/efanet.org\/annual-report\/wp-json\/wp\/v2\/pages\/594\/revisions"}],"predecessor-version":[{"id":898,"href":"https:\/\/efanet.org\/annual-report\/wp-json\/wp\/v2\/pages\/594\/revisions\/898"}],"up":[{"embeddable":true,"href":"https:\/\/efanet.org\/annual-report\/wp-json\/wp\/v2\/pages\/539"}],"wp:attachment":[{"href":"https:\/\/efanet.org\/annual-report\/wp-json\/wp\/v2\/media?parent=594"}],"curies":[{"name":"wp","href":"https:\/\/api.w.org\/{rel}","templated":true}]}}